{"id":5675,"date":"2016-08-25T15:03:21","date_gmt":"2016-08-25T18:03:21","guid":{"rendered":"https:\/\/drogariasunilagos.com.br\/back\/?page_id=5675"},"modified":"2019-02-26T09:37:36","modified_gmt":"2019-02-26T12:37:36","slug":"contato","status":"publish","type":"page","link":"https:\/\/drogariasunilagos.com.br\/back\/contato\/","title":{"rendered":"Contato"},"content":{"rendered":"<p>[et_pb_section bb_built=&#8221;1&#8243; admin_label=&#8221;section&#8221; fullwidth=&#8221;off&#8221; next_background_color=&#8221;#000000&#8243;][et_pb_row admin_label=&#8221;row&#8221; background_position=&#8221;top_left&#8221; background_repeat=&#8221;repeat&#8221; background_size=&#8221;initial&#8221;][et_pb_column type=&#8221;2_3&#8243;][et_pb_contact_form admin_label=&#8221;entre em contato&#8221; captcha=&#8221;off&#8221; title=&#8221;Entre em Contato&#8221; use_redirect=&#8221;off&#8221; input_border_radius=&#8221;0&#8243; use_border_color=&#8221;off&#8221; border_color=&#8221;#ffffff&#8221; border_style=&#8221;solid&#8221; custom_button=&#8221;off&#8221; button_letter_spacing=&#8221;0&#8243; button_use_icon=&#8221;default&#8221; button_icon_placement=&#8221;right&#8221; button_on_hover=&#8221;on&#8221; button_letter_spacing_hover=&#8221;0&#8243; email=&#8221;contato@drogariasunilagos.com.br&#8221; border_radii=&#8221;on|0px|0px|0px|0px&#8221;][et_pb_contact_field field_title=&#8221;Nome&#8221; field_type=&#8221;input&#8221; field_id=&#8221;Name&#8221; required_mark=&#8221;on&#8221; fullwidth_field=&#8221;off&#8221; \/][et_pb_contact_field field_title=&#8221;E-mail&#8221; field_type=&#8221;email&#8221; field_id=&#8221;Email&#8221; required_mark=&#8221;on&#8221; fullwidth_field=&#8221;off&#8221; \/][et_pb_contact_field field_title=&#8221;Mensagem&#8221; field_type=&#8221;text&#8221; field_id=&#8221;Message&#8221; required_mark=&#8221;on&#8221; \/][\/et_pb_contact_form][\/et_pb_column][et_pb_column type=&#8221;1_3&#8243;][et_pb_text admin_label=&#8221;informa\u00e7\u00f5es importantes&#8221; background_layout=&#8221;light&#8221; text_orientation=&#8221;left&#8221; use_border_color=&#8221;off&#8221; border_color=&#8221;#ffffff&#8221; border_style=&#8221;solid&#8221; background_position=&#8221;top_left&#8221; background_repeat=&#8221;repeat&#8221; background_size=&#8221;initial&#8221;]<\/p>\n<h3>Informa\u00e7\u00f5es Importantes<\/h3>\n<p>A Drogarias Unilagos est\u00e1 \u00e0 sua disposi\u00e7\u00e3o para prestar esclarecimentos e atender \u00e0s suas sugest\u00f5es, d\u00favidas ou reclama\u00e7\u00f5es. Conte com a dedica\u00e7\u00e3o de nossa equipe de atendimento preenchendo os campos com seu nome, e-mail e mensagem.<\/p>\n<p><strong>Endere\u00e7o:<\/strong> Veja no mapa a seguir o endere\u00e7o e telefone de cada uma de nossas unidades<br \/>\n<strong>E-mail:<\/strong> contato@drogariasunilagos.com.br<\/p>\n<p><strong>Drogarias Unilagos &#8211;<\/strong> Unidas para seu bem-estar.<\/p>\n<p>[\/et_pb_text][\/et_pb_column][\/et_pb_row][\/et_pb_section][et_pb_section bb_built=&#8221;1&#8243; fullwidth=&#8221;on&#8221; specialty=&#8221;off&#8221; prev_background_color=&#8221;#000000&#8243;][et_pb_fullwidth_code _builder_version=&#8221;3.17.6&#8243;]<iframe loading=\"lazy\" src=\"https:\/\/www.google.com.br\/maps\/d\/u\/0\/embed?mid=1b0NE4mT4zrdeOzls6lqx4S8uF2eHKQEv\" width=\"100%\" height=\"450\"><\/iframe>[\/et_pb_fullwidth_code][\/et_pb_section]<\/p>\n","protected":false},"excerpt":{"rendered":"<p>[et_pb_section bb_built=&#8221;1&#8243; admin_label=&#8221;section&#8221; fullwidth=&#8221;off&#8221; next_background_color=&#8221;#000000&#8243;][et_pb_row admin_label=&#8221;row&#8221; background_position=&#8221;top_left&#8221; background_repeat=&#8221;repeat&#8221; background_size=&#8221;initial&#8221;][et_pb_column type=&#8221;2_3&#8243;][et_pb_contact_form admin_label=&#8221;entre em contato&#8221; captcha=&#8221;off&#8221; title=&#8221;Entre em Contato&#8221; use_redirect=&#8221;off&#8221; input_border_radius=&#8221;0&#8243; use_border_color=&#8221;off&#8221; border_color=&#8221;#ffffff&#8221; border_style=&#8221;solid&#8221; custom_button=&#8221;off&#8221; button_letter_spacing=&#8221;0&#8243; button_use_icon=&#8221;default&#8221; button_icon_placement=&#8221;right&#8221; button_on_hover=&#8221;on&#8221; button_letter_spacing_hover=&#8221;0&#8243; email=&#8221;contato@drogariasunilagos.com.br&#8221; border_radii=&#8221;on|0px|0px|0px|0px&#8221;][et_pb_contact_field field_title=&#8221;Nome&#8221; field_type=&#8221;input&#8221; field_id=&#8221;Name&#8221; required_mark=&#8221;on&#8221; fullwidth_field=&#8221;off&#8221; \/][et_pb_contact_field field_title=&#8221;E-mail&#8221; field_type=&#8221;email&#8221; field_id=&#8221;Email&#8221; required_mark=&#8221;on&#8221; fullwidth_field=&#8221;off&#8221; \/][et_pb_contact_field field_title=&#8221;Mensagem&#8221; field_type=&#8221;text&#8221; field_id=&#8221;Message&#8221; required_mark=&#8221;on&#8221; \/][\/et_pb_contact_form][\/et_pb_column][et_pb_column type=&#8221;1_3&#8243;][et_pb_text admin_label=&#8221;informa\u00e7\u00f5es importantes&#8221; background_layout=&#8221;light&#8221; text_orientation=&#8221;left&#8221; use_border_color=&#8221;off&#8221; border_color=&#8221;#ffffff&#8221; border_style=&#8221;solid&#8221; [&hellip;]<\/p>\n","protected":false},"author":6,"featured_media":0,"parent":0,"menu_order":0,"comment_status":"closed","ping_status":"closed","template":"","meta":{"_et_pb_use_builder":"on","_et_pb_old_content":"","_et_gb_content_width":"","footnotes":""},"yoast_head":"<!-- This site is optimized with the Yoast SEO plugin v15.4 - https:\/\/yoast.com\/wordpress\/plugins\/seo\/ -->\n<title>Contato - Drogarias Unilagos<\/title>\n<meta name=\"robots\" content=\"index, follow, max-snippet:-1, max-image-preview:large, max-video-preview:-1\" \/>\n<link rel=\"canonical\" href=\"https:\/\/drogariasunilagos.com.br\/back\/contato\/\" \/>\n<meta property=\"og:locale\" content=\"pt_BR\" \/>\n<meta property=\"og:type\" content=\"article\" \/>\n<meta property=\"og:title\" content=\"Contato - Drogarias Unilagos\" \/>\n<meta property=\"og:description\" content=\"[et_pb_section bb_built=&#8221;1&#8243; admin_label=&#8221;section&#8221; fullwidth=&#8221;off&#8221; next_background_color=&#8221;#000000&#8243;][et_pb_row admin_label=&#8221;row&#8221; background_position=&#8221;top_left&#8221; background_repeat=&#8221;repeat&#8221; background_size=&#8221;initial&#8221;][et_pb_column type=&#8221;2_3&#8243;][et_pb_contact_form admin_label=&#8221;entre em contato&#8221; captcha=&#8221;off&#8221; title=&#8221;Entre em Contato&#8221; use_redirect=&#8221;off&#8221; input_border_radius=&#8221;0&#8243; use_border_color=&#8221;off&#8221; border_color=&#8221;#ffffff&#8221; border_style=&#8221;solid&#8221; custom_button=&#8221;off&#8221; button_letter_spacing=&#8221;0&#8243; button_use_icon=&#8221;default&#8221; button_icon_placement=&#8221;right&#8221; button_on_hover=&#8221;on&#8221; button_letter_spacing_hover=&#8221;0&#8243; email=&#8221;contato@drogariasunilagos.com.br&#8221; border_radii=&#8221;on|0px|0px|0px|0px&#8221;][et_pb_contact_field field_title=&#8221;Nome&#8221; field_type=&#8221;input&#8221; field_id=&#8221;Name&#8221; required_mark=&#8221;on&#8221; fullwidth_field=&#8221;off&#8221; \/][et_pb_contact_field field_title=&#8221;E-mail&#8221; field_type=&#8221;email&#8221; field_id=&#8221;Email&#8221; required_mark=&#8221;on&#8221; fullwidth_field=&#8221;off&#8221; \/][et_pb_contact_field field_title=&#8221;Mensagem&#8221; field_type=&#8221;text&#8221; field_id=&#8221;Message&#8221; required_mark=&#8221;on&#8221; \/][\/et_pb_contact_form][\/et_pb_column][et_pb_column type=&#8221;1_3&#8243;][et_pb_text admin_label=&#8221;informa\u00e7\u00f5es importantes&#8221; background_layout=&#8221;light&#8221; text_orientation=&#8221;left&#8221; use_border_color=&#8221;off&#8221; border_color=&#8221;#ffffff&#8221; border_style=&#8221;solid&#8221; [&hellip;]\" \/>\n<meta property=\"og:url\" content=\"https:\/\/drogariasunilagos.com.br\/back\/contato\/\" \/>\n<meta property=\"og:site_name\" content=\"Drogarias Unilagos\" \/>\n<meta property=\"article:modified_time\" content=\"2019-02-26T12:37:36+00:00\" \/>\n<meta name=\"twitter:card\" content=\"summary\" \/>\n<meta name=\"twitter:label1\" content=\"Written by\">\n\t<meta name=\"twitter:data1\" content=\"Drogarias Unilagos\">\n\t<meta name=\"twitter:label2\" content=\"Est. reading time\">\n\t<meta name=\"twitter:data2\" content=\"1 minuto\">\n<script type=\"application\/ld+json\" class=\"yoast-schema-graph\">{\"@context\":\"https:\/\/schema.org\",\"@graph\":[{\"@type\":\"WebSite\",\"@id\":\"https:\/\/drogariasunilagos.com.br\/back\/#website\",\"url\":\"https:\/\/drogariasunilagos.com.br\/back\/\",\"name\":\"Drogarias Unilagos\",\"description\":\"\",\"potentialAction\":[{\"@type\":\"SearchAction\",\"target\":\"https:\/\/drogariasunilagos.com.br\/back\/?s={search_term_string}\",\"query-input\":\"required name=search_term_string\"}],\"inLanguage\":\"pt-BR\"},{\"@type\":\"WebPage\",\"@id\":\"https:\/\/drogariasunilagos.com.br\/back\/contato\/#webpage\",\"url\":\"https:\/\/drogariasunilagos.com.br\/back\/contato\/\",\"name\":\"Contato - Drogarias Unilagos\",\"isPartOf\":{\"@id\":\"https:\/\/drogariasunilagos.com.br\/back\/#website\"},\"datePublished\":\"2016-08-25T18:03:21+00:00\",\"dateModified\":\"2019-02-26T12:37:36+00:00\",\"inLanguage\":\"pt-BR\",\"potentialAction\":[{\"@type\":\"ReadAction\",\"target\":[\"https:\/\/drogariasunilagos.com.br\/back\/contato\/\"]}]}]}<\/script>\n<!-- \/ Yoast SEO plugin. -->","_links":{"self":[{"href":"https:\/\/drogariasunilagos.com.br\/back\/wp-json\/wp\/v2\/pages\/5675"}],"collection":[{"href":"https:\/\/drogariasunilagos.com.br\/back\/wp-json\/wp\/v2\/pages"}],"about":[{"href":"https:\/\/drogariasunilagos.com.br\/back\/wp-json\/wp\/v2\/types\/page"}],"author":[{"embeddable":true,"href":"https:\/\/drogariasunilagos.com.br\/back\/wp-json\/wp\/v2\/users\/6"}],"replies":[{"embeddable":true,"href":"https:\/\/drogariasunilagos.com.br\/back\/wp-json\/wp\/v2\/comments?post=5675"}],"version-history":[{"count":10,"href":"https:\/\/drogariasunilagos.com.br\/back\/wp-json\/wp\/v2\/pages\/5675\/revisions"}],"predecessor-version":[{"id":28084,"href":"https:\/\/drogariasunilagos.com.br\/back\/wp-json\/wp\/v2\/pages\/5675\/revisions\/28084"}],"wp:attachment":[{"href":"https:\/\/drogariasunilagos.com.br\/back\/wp-json\/wp\/v2\/media?parent=5675"}],"curies":[{"name":"wp","href":"https:\/\/api.w.org\/{rel}","templated":true}]}}