{"id":25818,"date":"2016-08-31T16:26:48","date_gmt":"2016-08-31T19:26:48","guid":{"rendered":"https:\/\/drogariasunilagos.com.br\/back\/?page_id=25818"},"modified":"2018-05-23T17:58:33","modified_gmt":"2018-05-23T20:58:33","slug":"seja-um-associado","status":"publish","type":"page","link":"https:\/\/drogariasunilagos.com.br\/back\/seja-um-associado\/","title":{"rendered":"Seja um Associado"},"content":{"rendered":"<p>[et_pb_section fb_built=&#8221;1&#8243; custom_padding_last_edited=&#8221;on|desktop&#8221; admin_label=&#8221;Sezione&#8221; _builder_version=&#8221;3.0.47&#8243; background_color=&#8221;#ffffff&#8221; custom_padding_tablet=&#8221;50px|0|50px|0&#8243; transparent_background=&#8221;off&#8221; custom_padding=&#8221;54px|0|54px|0px|false|false&#8221;][et_pb_row make_fullwidth=&#8221;on&#8221; padding_mobile=&#8221;off&#8221; column_padding_mobile=&#8221;on&#8221; background_color_1=&#8221;#ffffff&#8221; parallax_method_1=&#8221;off&#8221; parallax_method_2=&#8221;off&#8221; admin_label=&#8221;Riga&#8221; _builder_version=&#8221;3.0.47&#8243; background_size=&#8221;initial&#8221; background_position=&#8221;top_left&#8221; background_repeat=&#8221;repeat&#8221;][et_pb_column type=&#8221;1_2&#8243; _builder_version=&#8221;3.0.47&#8243; column_padding_mobile=&#8221;on&#8221; background_color=&#8221;#ffffff&#8221; parallax=&#8221;off&#8221; parallax_method=&#8221;off&#8221;][et_pb_text admin_label=&#8221;entre para nossa equipe&#8221; _builder_version=&#8221;3.0.47&#8243; text_font=&#8221;Playfair Display||on||&#8221; text_font_size=&#8221;30&#8243; text_font_size_tablet=&#8221;20&#8243; text_font_size_phone=&#8221;15&#8243; text_font_size_last_edited=&#8221;on|phone&#8221; text_line_height=&#8221;1em&#8221; header_font=&#8221;Playfair Display||||&#8221; background_size=&#8221;initial&#8221; background_position=&#8221;top_left&#8221; background_repeat=&#8221;repeat&#8221; text_orientation=&#8221;center&#8221; module_alignment=&#8221;center&#8221; use_border_color=&#8221;off&#8221; border_color=&#8221;#ffffff&#8221; border_style=&#8221;solid&#8221;] Entre para nossa equipe. [\/et_pb_text][et_pb_contact_form captcha=&#8221;off&#8221; border_radii=&#8221;on|8px|8px|8px|8px&#8221; custom_button=&#8221;on&#8221; button_text_size=&#8221;18px&#8221; button_text_color=&#8221;#ffffff&#8221; button_bg_color=&#8221;#008f9f&#8221; button_border_width=&#8221;0px&#8221; button_border_radius=&#8221;8px&#8221; button_icon=&#8221;%%36%%&#8221; button_on_hover=&#8221;off&#8221; _builder_version=&#8221;3.3.1&#8243; module_id=&#8221;et_pb_contact_form_0&#8243; email=&#8221;contato@drogariasunilagos.com.br&#8221; custom_message=&#8221;SOLICITA\u00c7\u00c3O de ASSOCIADOS | Drogarias Unilagos||et_pb_line_break_holder||&#8212;&#8212;&#8212;&#8212;&#8212;&#8212;&#8212;&#8212;&#8212;&#8212;&#8212;&#8212;&#8212;&#8212;&#8212;&#8212;&#8212;&#8212;&#8212;&#8212;&#8212;&#8212;&#8212;&#8212;&#8212;&#8212;&#8211;||et_pb_line_break_holder||WEBSITE: www.drogariasunilagos.com.br||et_pb_line_break_holder||||et_pb_line_break_holder||||et_pb_line_break_holder||&#8212;&#8212;&#8212;&#8212;&#8212;&#8212;&#8212;&#8212;&#8212;&#8212;&#8212;&#8212;&#8212;&#8212;&#8212;&#8212;&#8212;&#8212;&#8212;&#8212;&#8212;&#8212;||et_pb_line_break_holder||INFORMA\u00c7\u00d5ES DE CONTATO||et_pb_line_break_holder||&#8212;&#8212;&#8212;&#8212;&#8212;&#8212;&#8212;&#8212;&#8212;&#8212;&#8212;&#8212;&#8212;&#8212;&#8212;&#8212;&#8212;&#8212;&#8212;&#8212;&#8212;&#8212;||et_pb_line_break_holder||||et_pb_line_break_holder||\u25ba  Nome do Respons\u00e1vel: %%nome%%||et_pb_line_break_holder||||et_pb_line_break_holder||\u25ba  Telefone: %%telefone%%||et_pb_line_break_holder||||et_pb_line_break_holder||\u25ba  E-mail: %%email%%||et_pb_line_break_holder||||et_pb_line_break_holder||\u25ba  Munic\u00edpio: %%municipio%% \u25ba Bairro: %%bairro%%||et_pb_line_break_holder||||et_pb_line_break_holder||\u25ba  CNPJ %%cnpj%%||et_pb_line_break_holder||||et_pb_line_break_holder||\u25ba  Raz\u00e3o Social:  %%razao-social%%||et_pb_line_break_holder||||et_pb_line_break_holder||\u25ba  Nome Fantasia Atual:  %%nome-fantasia%%&#8221; form_field_font=&#8221;||||||||&#8221; title_font=&#8221;||||||||&#8221; button_font=&#8221;||||||||&#8221; custom_css_contact_fields=&#8221;max-height: 35px;&#8221; custom_css_contact_button=&#8221;max-height: 35px;&#8221;][et_pb_contact_field field_id=&#8221;nome&#8221; field_title=&#8221;Nome do Respons\u00e1vel&#8221; _builder_version=&#8221;3.3.1&#8243; border_radii=&#8221;on||||&#8221;][\/et_pb_contact_field][et_pb_contact_field field_id=&#8221;telefone&#8221; field_title=&#8221;Telefone&#8221; _builder_version=&#8221;3.3.1&#8243; border_radii=&#8221;on||||&#8221;][\/et_pb_contact_field][et_pb_contact_field field_id=&#8221;email&#8221; field_title=&#8221;E-mail&#8221; field_type=&#8221;email&#8221; fullwidth_field=&#8221;on&#8221; _builder_version=&#8221;3.3.1&#8243; border_radii=&#8221;on||||&#8221;][\/et_pb_contact_field][et_pb_contact_field field_id=&#8221;municipio&#8221; field_title=&#8221;Munic\u00edpio&#8221; _builder_version=&#8221;3.3.1&#8243;][\/et_pb_contact_field][et_pb_contact_field field_id=&#8221;bairro&#8221; field_title=&#8221;Bairro&#8221; _builder_version=&#8221;3.3.1&#8243;][\/et_pb_contact_field][et_pb_contact_field field_id=&#8221;cnpj&#8221; field_title=&#8221;CNPJ&#8221; fullwidth_field=&#8221;on&#8221; _builder_version=&#8221;3.3.1&#8243;][\/et_pb_contact_field][et_pb_contact_field field_id=&#8221;razao-social&#8221; field_title=&#8221;Raz\u00e3o Social&#8221; fullwidth_field=&#8221;on&#8221; _builder_version=&#8221;3.3.1&#8243;][\/et_pb_contact_field][et_pb_contact_field field_id=&#8221;nome-fantasia&#8221; field_title=&#8221;Nome Fantasia Atual&#8221; fullwidth_field=&#8221;on&#8221; _builder_version=&#8221;3.3.1&#8243;][\/et_pb_contact_field][\/et_pb_contact_form][\/et_pb_column][et_pb_column type=&#8221;1_2&#8243; _builder_version=&#8221;3.0.47&#8243; column_padding_mobile=&#8221;on&#8221; parallax=&#8221;off&#8221; parallax_method=&#8221;off&#8221;][et_pb_text admin_label=&#8221;Seja um Associado&#8221; _builder_version=&#8221;3.0.47&#8243; text_font=&#8221;Playfair Display||on||&#8221; text_font_size=&#8221;30&#8243; text_font_size_tablet=&#8221;20&#8243; text_font_size_phone=&#8221;15&#8243; text_font_size_last_edited=&#8221;on|phone&#8221; text_line_height=&#8221;1em&#8221; header_font=&#8221;Playfair Display||||&#8221; background_size=&#8221;initial&#8221; background_position=&#8221;top_left&#8221; background_repeat=&#8221;repeat&#8221; text_orientation=&#8221;center&#8221; module_alignment=&#8221;center&#8221; use_border_color=&#8221;off&#8221; border_color=&#8221;#ffffff&#8221; border_style=&#8221;solid&#8221;] Seja um Associado! [\/et_pb_text][et_pb_text admin_label=&#8221;principais objetivos&#8221; _builder_version=&#8221;3.0.47&#8243; text_font=&#8221;Playfair Display|on|on||&#8221; text_text_color=&#8221;#4c4c4c&#8221; text_font_size=&#8221;22&#8243; text_font_size_tablet=&#8221;18&#8243; text_font_size_phone=&#8221;16&#8243; text_font_size_last_edited=&#8221;on|phone&#8221; text_letter_spacing=&#8221;1px&#8221; text_line_height=&#8221;1.4em&#8221; background_size=&#8221;initial&#8221; background_position=&#8221;top_left&#8221; background_repeat=&#8221;repeat&#8221; text_orientation=&#8221;center&#8221; module_alignment=&#8221;center&#8221; custom_padding=&#8221;5%||5%|&#8221; custom_css_main_element=&#8221;border-top: 1px solid #E2E1DF;||border-bottom: 1px solid #E2E1DF;&#8221; use_border_color=&#8221;off&#8221; border_color=&#8221;#ffffff&#8221; border_style=&#8221;solid&#8221;] Principais Objetivos: [\/et_pb_text][et_pb_text admin_label=&#8221;manter nossa&#8230;&#8221; _builder_version=&#8221;3.0.47&#8243; text_font=&#8221;Lora||||&#8221; text_text_color=&#8221;#8e8b87&#8243; text_font_size=&#8221;16&#8243; text_font_size_phone=&#8221;17&#8243; text_font_size_last_edited=&#8221;off|phone&#8221; text_letter_spacing=&#8221;1px&#8221; text_line_height=&#8221;1.5em&#8221; background_size=&#8221;initial&#8221; background_position=&#8221;top_left&#8221; background_repeat=&#8221;repeat&#8221; use_border_color=&#8221;off&#8221; border_color=&#8221;#ffffff&#8221; border_style=&#8221;solid&#8221;]<\/p>\n<ul>\n<li>Manter nossa\u00a0rede pr\u00f3pria, com participa\u00e7\u00e3o ativa de <b>TODOS<\/b> os associados;<\/li>\n<li>Aumentar o <b>PODER DE NEGOCIA\u00c7\u00c3O<\/b>, a <b>VISIBILIDADE<\/b> e a <b>RENTABILIDADE<\/b> das empresas;<\/li>\n<li>Aumentar da <b>TROCA DE INFORMA\u00c7\u00d5ES <\/b>entre os associados;<\/li>\n<li>Estabelecer estrat\u00e9gias de <b>VENDA EM CONJUNTO<\/b>;<\/li>\n<li>Manter nossa\u00a0marca <b>\u00daNICA<\/b>, com layout e identidade visual <b>PADRONIZADOS<\/b>;<\/li>\n<\/ul>\n<p>[\/et_pb_text][\/et_pb_column][\/et_pb_row][\/et_pb_section][et_pb_section fb_built=&#8221;1&#8243; admin_label=&#8221;Se\u00e7\u00e3o&#8221; _builder_version=&#8221;3.0.47&#8243;][et_pb_row use_custom_gutter=&#8221;on&#8221; gutter_width=&#8221;1&#8243; padding_mobile=&#8221;off&#8221; custom_margin=&#8221;-80px|||&#8221; column_padding_mobile=&#8221;on&#8221; background_color_1=&#8221;#f9f9f9&#8243; background_color_2=&#8221;#ceeaf6&#8243; background_color_3=&#8221;#fafafa&#8221; padding_top_3=&#8221;10px&#8221; padding_right_3=&#8221;10px&#8221; padding_bottom_3=&#8221;10px&#8221; padding_left_3=&#8221;10px&#8221; parallax_method_1=&#8221;off&#8221; parallax_method_2=&#8221;off&#8221; parallax_method_3=&#8221;off&#8221; parallax_method_4=&#8221;off&#8221; admin_label=&#8221;Linha&#8221; _builder_version=&#8221;3.0.47&#8243; background_size=&#8221;initial&#8221; background_position=&#8221;top_left&#8221; background_repeat=&#8221;repeat&#8221;][et_pb_column type=&#8221;1_4&#8243; _builder_version=&#8221;3.0.47&#8243; column_padding_mobile=&#8221;on&#8221; background_color=&#8221;#f9f9f9&#8243; parallax=&#8221;off&#8221; parallax_method=&#8221;off&#8221;][et_pb_image src=&#8221;http:\/\/drogariasunilagos.com.br\/back\/wp-content\/uploads\/2016\/08\/nossa_historia.png&#8221; url=&#8221;https:\/\/drogariasunilagos.com.br\/back\/quem-somos\/&#8221; use_overlay=&#8221;on&#8221; hover_overlay_color=&#8221;rgba(255,255,255,0.75)&#8221; hover_icon=&#8221;%%47%%&#8221; force_fullwidth=&#8221;on&#8221; admin_label=&#8221;nossa historia&#8221; _builder_version=&#8221;3.0.47&#8243; animation_style=&#8221;slide&#8221; animation_direction=&#8221;left&#8221; animation_duration=&#8221;500ms&#8221; animation_intensity_slide=&#8221;10%&#8221; use_border_color=&#8221;off&#8221; border_color=&#8221;#ffffff&#8221; border_style=&#8221;solid&#8221; animation=&#8221;left&#8221; sticky=&#8221;off&#8221;] [\/et_pb_image][\/et_pb_column][et_pb_column type=&#8221;1_4&#8243; _builder_version=&#8221;3.0.47&#8243; column_padding_mobile=&#8221;on&#8221; background_color=&#8221;#ceeaf6&#8243; parallax=&#8221;off&#8221; parallax_method=&#8221;off&#8221;][et_pb_image src=&#8221;http:\/\/drogariasunilagos.com.br\/back\/wp-content\/uploads\/2016\/08\/store-1.png&#8221; url=&#8221;https:\/\/drogariasunilagos.com.br\/back\/nossas-lojas\/&#8221; use_overlay=&#8221;on&#8221; hover_overlay_color=&#8221;rgba(255,255,255,0.75)&#8221; hover_icon=&#8221;%%47%%&#8221; align=&#8221;center&#8221; force_fullwidth=&#8221;on&#8221; admin_label=&#8221;nossas lojas&#8221; _builder_version=&#8221;3.0.47&#8243; animation_style=&#8221;slide&#8221; animation_direction=&#8221;right&#8221; animation_duration=&#8221;500ms&#8221; animation_intensity_slide=&#8221;10%&#8221; use_border_color=&#8221;off&#8221; border_color=&#8221;#ffffff&#8221; border_style=&#8221;solid&#8221; animation=&#8221;right&#8221; sticky=&#8221;off&#8221;] [\/et_pb_image][\/et_pb_column][et_pb_column type=&#8221;1_2&#8243; _builder_version=&#8221;3.0.47&#8243; padding_bottom=&#8221;10px&#8221; padding_left=&#8221;10px&#8221; padding_right=&#8221;10px&#8221; padding_top=&#8221;10px&#8221; column_padding_mobile=&#8221;on&#8221; background_color=&#8221;#fafafa&#8221; parallax=&#8221;off&#8221; parallax_method=&#8221;off&#8221;][et_pb_text admin_label=&#8221;visao &#8211; top&#8221; _builder_version=&#8221;3.0.47&#8243; text_font=&#8221;Lora||||&#8221; text_font_size=&#8221;20&#8243; background_size=&#8221;initial&#8221; background_position=&#8221;top_left&#8221; background_repeat=&#8221;repeat&#8221; text_orientation=&#8221;center&#8221; module_alignment=&#8221;center&#8221; use_border_color=&#8221;off&#8221; border_color=&#8221;#ffffff&#8221; border_style=&#8221;solid&#8221;] VIS\u00c3O [\/et_pb_text][et_pb_text admin_label=&#8221;vis\u00e3o&#8221; _builder_version=&#8221;3.0.47&#8243; text_font=&#8221;Lora||on||&#8221; text_text_color=&#8221;#8e8b87&#8243; text_font_size=&#8221;20&#8243; text_font_size_phone=&#8221;14&#8243; text_font_size_last_edited=&#8221;off|phone&#8221; text_letter_spacing=&#8221;1px&#8221; text_line_height=&#8221;1.4em&#8221; background_size=&#8221;initial&#8221; background_position=&#8221;top_left&#8221; background_repeat=&#8221;repeat&#8221; text_orientation=&#8221;center&#8221; module_alignment=&#8221;center&#8221; custom_padding=&#8221;5%||5%|&#8221; custom_css_main_element=&#8221;border-top: 1px solid #E2E1DF;||border-bottom: 1px solid #E2E1DF;&#8221; use_border_color=&#8221;off&#8221; border_color=&#8221;#ffffff&#8221; border_style=&#8221;solid&#8221;]&#8221;Ser at\u00e9 2020 uma rede com <strong>mais de 50 lojas<\/strong>, com uma marca s\u00f3lida e padronizada, presente em outras regi\u00f5es do estado, <strong>capacitando<\/strong> colaboradores e associados, <strong>promovendo<\/strong> a\u00e7\u00f5es sociais e <strong>divulgando<\/strong> a marca.\u201d<br \/>\n[\/et_pb_text][\/et_pb_column][\/et_pb_row][\/et_pb_section]<\/p>\n","protected":false},"excerpt":{"rendered":"<p>[et_pb_section fb_built=&#8221;1&#8243; custom_padding_last_edited=&#8221;on|desktop&#8221; admin_label=&#8221;Sezione&#8221; _builder_version=&#8221;3.0.47&#8243; background_color=&#8221;#ffffff&#8221; custom_padding_tablet=&#8221;50px|0|50px|0&#8243; transparent_background=&#8221;off&#8221; custom_padding=&#8221;54px|0|54px|0px|false|false&#8221;][et_pb_row make_fullwidth=&#8221;on&#8221; padding_mobile=&#8221;off&#8221; column_padding_mobile=&#8221;on&#8221; background_color_1=&#8221;#ffffff&#8221; parallax_method_1=&#8221;off&#8221; parallax_method_2=&#8221;off&#8221; admin_label=&#8221;Riga&#8221; _builder_version=&#8221;3.0.47&#8243; background_size=&#8221;initial&#8221; background_position=&#8221;top_left&#8221; background_repeat=&#8221;repeat&#8221;][et_pb_column type=&#8221;1_2&#8243; _builder_version=&#8221;3.0.47&#8243; column_padding_mobile=&#8221;on&#8221; background_color=&#8221;#ffffff&#8221; parallax=&#8221;off&#8221; parallax_method=&#8221;off&#8221;][et_pb_text admin_label=&#8221;entre para nossa equipe&#8221; _builder_version=&#8221;3.0.47&#8243; text_font=&#8221;Playfair Display||on||&#8221; text_font_size=&#8221;30&#8243; text_font_size_tablet=&#8221;20&#8243; text_font_size_phone=&#8221;15&#8243; text_font_size_last_edited=&#8221;on|phone&#8221; text_line_height=&#8221;1em&#8221; header_font=&#8221;Playfair Display||||&#8221; background_size=&#8221;initial&#8221; background_position=&#8221;top_left&#8221; background_repeat=&#8221;repeat&#8221; text_orientation=&#8221;center&#8221; module_alignment=&#8221;center&#8221; use_border_color=&#8221;off&#8221; border_color=&#8221;#ffffff&#8221; border_style=&#8221;solid&#8221;] Entre para nossa equipe. [\/et_pb_text][et_pb_contact_form captcha=&#8221;off&#8221; border_radii=&#8221;on|8px|8px|8px|8px&#8221; [&hellip;]<\/p>\n","protected":false},"author":6,"featured_media":25840,"parent":0,"menu_order":0,"comment_status":"closed","ping_status":"closed","template":"","meta":{"_et_pb_use_builder":"on","_et_pb_old_content":"","_et_gb_content_width":"","footnotes":""},"yoast_head":"<!-- This site is optimized with the Yoast SEO plugin v15.4 - https:\/\/yoast.com\/wordpress\/plugins\/seo\/ -->\n<title>Seja um Associado - Drogarias Unilagos<\/title>\n<meta name=\"robots\" content=\"index, follow, max-snippet:-1, max-image-preview:large, max-video-preview:-1\" \/>\n<link rel=\"canonical\" href=\"https:\/\/drogariasunilagos.com.br\/back\/seja-um-associado\/\" \/>\n<meta property=\"og:locale\" content=\"pt_BR\" \/>\n<meta property=\"og:type\" content=\"article\" \/>\n<meta property=\"og:title\" content=\"Seja um Associado - Drogarias Unilagos\" \/>\n<meta property=\"og:description\" content=\"[et_pb_section fb_built=&#8221;1&#8243; custom_padding_last_edited=&#8221;on|desktop&#8221; admin_label=&#8221;Sezione&#8221; _builder_version=&#8221;3.0.47&#8243; background_color=&#8221;#ffffff&#8221; custom_padding_tablet=&#8221;50px|0|50px|0&#8243; transparent_background=&#8221;off&#8221; custom_padding=&#8221;54px|0|54px|0px|false|false&#8221;][et_pb_row make_fullwidth=&#8221;on&#8221; padding_mobile=&#8221;off&#8221; column_padding_mobile=&#8221;on&#8221; background_color_1=&#8221;#ffffff&#8221; parallax_method_1=&#8221;off&#8221; parallax_method_2=&#8221;off&#8221; admin_label=&#8221;Riga&#8221; _builder_version=&#8221;3.0.47&#8243; background_size=&#8221;initial&#8221; background_position=&#8221;top_left&#8221; background_repeat=&#8221;repeat&#8221;][et_pb_column type=&#8221;1_2&#8243; _builder_version=&#8221;3.0.47&#8243; column_padding_mobile=&#8221;on&#8221; background_color=&#8221;#ffffff&#8221; parallax=&#8221;off&#8221; parallax_method=&#8221;off&#8221;][et_pb_text admin_label=&#8221;entre para nossa equipe&#8221; _builder_version=&#8221;3.0.47&#8243; text_font=&#8221;Playfair Display||on||&#8221; text_font_size=&#8221;30&#8243; text_font_size_tablet=&#8221;20&#8243; text_font_size_phone=&#8221;15&#8243; text_font_size_last_edited=&#8221;on|phone&#8221; text_line_height=&#8221;1em&#8221; header_font=&#8221;Playfair Display||||&#8221; background_size=&#8221;initial&#8221; background_position=&#8221;top_left&#8221; background_repeat=&#8221;repeat&#8221; text_orientation=&#8221;center&#8221; module_alignment=&#8221;center&#8221; use_border_color=&#8221;off&#8221; border_color=&#8221;#ffffff&#8221; border_style=&#8221;solid&#8221;] Entre para nossa equipe. [\/et_pb_text][et_pb_contact_form captcha=&#8221;off&#8221; border_radii=&#8221;on|8px|8px|8px|8px&#8221; [&hellip;]\" \/>\n<meta property=\"og:url\" content=\"https:\/\/drogariasunilagos.com.br\/back\/seja-um-associado\/\" \/>\n<meta property=\"og:site_name\" content=\"Drogarias Unilagos\" \/>\n<meta property=\"article:modified_time\" content=\"2018-05-23T20:58:33+00:00\" \/>\n<meta property=\"og:image\" content=\"https:\/\/drogariasunilagos.com.br\/back\/wp-content\/uploads\/2016\/08\/sej_um_associado.png\" \/>\n\t<meta property=\"og:image:width\" content=\"456\" \/>\n\t<meta property=\"og:image:height\" content=\"456\" \/>\n<meta name=\"twitter:card\" content=\"summary\" \/>\n<meta name=\"twitter:label1\" content=\"Written by\">\n\t<meta name=\"twitter:data1\" content=\"Drogarias Unilagos\">\n\t<meta name=\"twitter:label2\" content=\"Est. reading time\">\n\t<meta name=\"twitter:data2\" content=\"5 minutos\">\n<script type=\"application\/ld+json\" class=\"yoast-schema-graph\">{\"@context\":\"https:\/\/schema.org\",\"@graph\":[{\"@type\":\"WebSite\",\"@id\":\"https:\/\/drogariasunilagos.com.br\/back\/#website\",\"url\":\"https:\/\/drogariasunilagos.com.br\/back\/\",\"name\":\"Drogarias Unilagos\",\"description\":\"\",\"potentialAction\":[{\"@type\":\"SearchAction\",\"target\":\"https:\/\/drogariasunilagos.com.br\/back\/?s={search_term_string}\",\"query-input\":\"required name=search_term_string\"}],\"inLanguage\":\"pt-BR\"},{\"@type\":\"ImageObject\",\"@id\":\"https:\/\/drogariasunilagos.com.br\/back\/seja-um-associado\/#primaryimage\",\"inLanguage\":\"pt-BR\",\"url\":\"https:\/\/drogariasunilagos.com.br\/back\/wp-content\/uploads\/2016\/08\/sej_um_associado.png\",\"width\":456,\"height\":456},{\"@type\":\"WebPage\",\"@id\":\"https:\/\/drogariasunilagos.com.br\/back\/seja-um-associado\/#webpage\",\"url\":\"https:\/\/drogariasunilagos.com.br\/back\/seja-um-associado\/\",\"name\":\"Seja um Associado - Drogarias Unilagos\",\"isPartOf\":{\"@id\":\"https:\/\/drogariasunilagos.com.br\/back\/#website\"},\"primaryImageOfPage\":{\"@id\":\"https:\/\/drogariasunilagos.com.br\/back\/seja-um-associado\/#primaryimage\"},\"datePublished\":\"2016-08-31T19:26:48+00:00\",\"dateModified\":\"2018-05-23T20:58:33+00:00\",\"inLanguage\":\"pt-BR\",\"potentialAction\":[{\"@type\":\"ReadAction\",\"target\":[\"https:\/\/drogariasunilagos.com.br\/back\/seja-um-associado\/\"]}]}]}<\/script>\n<!-- \/ Yoast SEO plugin. -->","_links":{"self":[{"href":"https:\/\/drogariasunilagos.com.br\/back\/wp-json\/wp\/v2\/pages\/25818"}],"collection":[{"href":"https:\/\/drogariasunilagos.com.br\/back\/wp-json\/wp\/v2\/pages"}],"about":[{"href":"https:\/\/drogariasunilagos.com.br\/back\/wp-json\/wp\/v2\/types\/page"}],"author":[{"embeddable":true,"href":"https:\/\/drogariasunilagos.com.br\/back\/wp-json\/wp\/v2\/users\/6"}],"replies":[{"embeddable":true,"href":"https:\/\/drogariasunilagos.com.br\/back\/wp-json\/wp\/v2\/comments?post=25818"}],"version-history":[{"count":51,"href":"https:\/\/drogariasunilagos.com.br\/back\/wp-json\/wp\/v2\/pages\/25818\/revisions"}],"predecessor-version":[{"id":27602,"href":"https:\/\/drogariasunilagos.com.br\/back\/wp-json\/wp\/v2\/pages\/25818\/revisions\/27602"}],"wp:featuredmedia":[{"embeddable":true,"href":"https:\/\/drogariasunilagos.com.br\/back\/wp-json\/wp\/v2\/media\/25840"}],"wp:attachment":[{"href":"https:\/\/drogariasunilagos.com.br\/back\/wp-json\/wp\/v2\/media?parent=25818"}],"curies":[{"name":"wp","href":"https:\/\/api.w.org\/{rel}","templated":true}]}}