{"id":25764,"date":"2016-08-28T09:55:59","date_gmt":"2016-08-28T12:55:59","guid":{"rendered":"https:\/\/drogariasunilagos.com.br\/back\/?page_id=25764"},"modified":"2016-09-10T11:21:51","modified_gmt":"2016-09-10T14:21:51","slug":"trabalhe-conosco","status":"publish","type":"page","link":"https:\/\/drogariasunilagos.com.br\/back\/trabalhe-conosco\/","title":{"rendered":"Trabalhe Conosco"},"content":{"rendered":"<p>[et_pb_section admin_label=&#8221;Sezione&#8221; fullwidth=&#8221;off&#8221; specialty=&#8221;off&#8221; transparent_background=&#8221;off&#8221; allow_player_pause=&#8221;off&#8221; inner_shadow=&#8221;off&#8221; parallax=&#8221;off&#8221; parallax_method=&#8221;off&#8221; padding_mobile=&#8221;off&#8221; make_fullwidth=&#8221;off&#8221; use_custom_width=&#8221;off&#8221; width_unit=&#8221;on&#8221; make_equal=&#8221;off&#8221; use_custom_gutter=&#8221;off&#8221; background_color=&#8221;#ffffff&#8221;][et_pb_row admin_label=&#8221;Riga&#8221; make_fullwidth=&#8221;on&#8221; use_custom_width=&#8221;off&#8221; width_unit=&#8221;on&#8221; use_custom_gutter=&#8221;off&#8221; padding_mobile=&#8221;off&#8221; allow_player_pause=&#8221;off&#8221; parallax=&#8221;off&#8221; parallax_method=&#8221;off&#8221; make_equal=&#8221;off&#8221; parallax_1=&#8221;off&#8221; parallax_method_1=&#8221;off&#8221; background_color_1=&#8221;#ffffff&#8221; parallax_2=&#8221;off&#8221; parallax_method_2=&#8221;off&#8221; column_padding_mobile=&#8221;on&#8221;][et_pb_column type=&#8221;1_2&#8243;][et_pb_text admin_label=&#8221;Venha trabalhar conosco!&#8221; background_layout=&#8221;light&#8221; text_orientation=&#8221;center&#8221; use_border_color=&#8221;off&#8221; border_color=&#8221;#ffffff&#8221; border_style=&#8221;solid&#8221; header_font=&#8221;Playfair Display||||&#8221; text_font_size=&#8221;30&#8243; text_font=&#8221;Playfair Display||on||&#8221; text_line_height=&#8221;1em&#8221; text_font_size_last_edited=&#8221;on|phone&#8221; text_font_size_tablet=&#8221;20&#8243; text_font_size_phone=&#8221;15&#8243;]<\/p>\n<p>Venha trabalhar conosco!<\/p>\n<p>[\/et_pb_text][et_pb_text admin_label=&#8221;resultados&#8221; background_layout=&#8221;light&#8221; text_orientation=&#8221;left&#8221; text_font=&#8221;Lora||||&#8221; text_font_size=&#8221;19&#8243; text_text_color=&#8221;#8e8b87&#8243; text_letter_spacing=&#8221;1px&#8221; text_line_height=&#8221;1.5em&#8221; use_border_color=&#8221;off&#8221; border_color=&#8221;#ffffff&#8221; border_style=&#8221;solid&#8221; text_font_size_phone=&#8221;17&#8243; text_font_size_last_edited=&#8221;off|phone&#8221;]<\/p>\n<p style=\"text-align: justify;\">Resultados, desenvolvimento, crescimento, precisamos de pessoas para que nossa equipe possa crescer cada vez mais.\u00a0Temos compromisso em desenvolver os funcion\u00e1rios com compet\u00eancia identificando as necessidades individuais de cada um, e atuando atrav\u00e9s de um processo de educa\u00e7\u00e3o continua.<br \/>\nVoc\u00ea quer fazer parte de nossa equipe?<\/p>\n<p>[\/et_pb_text][et_pb_text admin_label=&#8221;preencha&#8221; background_layout=&#8221;light&#8221; text_orientation=&#8221;left&#8221; text_font=&#8221;Playfair Display|on|on||&#8221; text_font_size=&#8221;22&#8243; text_text_color=&#8221;#4c4c4c&#8221; text_letter_spacing=&#8221;1px&#8221; text_line_height=&#8221;1.4em&#8221; use_border_color=&#8221;off&#8221; border_color=&#8221;#ffffff&#8221; border_style=&#8221;solid&#8221; custom_padding=&#8221;5%||5%|&#8221; custom_css_main_element=&#8221;border-top: 1px solid #E2E1DF;||border-bottom: 1px solid #E2E1DF;&#8221; text_font_size_tablet=&#8221;18&#8243; text_font_size_phone=&#8221;16&#8243; text_font_size_last_edited=&#8221;on|phone&#8221;]<\/p>\n<p>Preencha este formul\u00e1rio e entraremos em contato respondendo sua solicita\u00e7\u00e3o em breve.<\/p>\n<p>[\/et_pb_text][\/et_pb_column][et_pb_column type=&#8221;1_2&#8243;][et_pb_text admin_label=&#8221;entre para nossa equipe&#8221; background_layout=&#8221;light&#8221; text_orientation=&#8221;center&#8221; use_border_color=&#8221;off&#8221; border_color=&#8221;#ffffff&#8221; border_style=&#8221;solid&#8221; header_font=&#8221;Playfair Display||||&#8221; text_font_size=&#8221;30&#8243; text_font=&#8221;Playfair Display||on||&#8221; text_line_height=&#8221;1em&#8221; text_font_size_last_edited=&#8221;on|phone&#8221; text_font_size_tablet=&#8221;20&#8243; text_font_size_phone=&#8221;15&#8243;]<\/p>\n<p>Entre para nossa equipe.<\/p>\n<p>[\/et_pb_text][et_pb_text admin_label=&#8221;Texto&#8221; background_layout=&#8221;light&#8221; text_orientation=&#8221;left&#8221; use_border_color=&#8221;off&#8221; border_color=&#8221;#ffffff&#8221; border_style=&#8221;solid&#8221;]<\/p>\n<div role=\"form\" class=\"wpcf7\" id=\"wpcf7-f5719-o1\" lang=\"pt-BR\" dir=\"ltr\">\n<div class=\"screen-reader-response\"><p role=\"status\" aria-live=\"polite\" aria-atomic=\"true\"><\/p> <ul><\/ul><\/div>\n<form action=\"\/back\/wp-json\/wp\/v2\/pages\/25764#wpcf7-f5719-o1\" method=\"post\" class=\"wpcf7-form init\" novalidate=\"novalidate\" data-status=\"init\">\n<div style=\"display: none;\">\n<input type=\"hidden\" name=\"_wpcf7\" value=\"5719\" \/>\n<input type=\"hidden\" name=\"_wpcf7_version\" value=\"5.3.1\" \/>\n<input type=\"hidden\" name=\"_wpcf7_locale\" value=\"pt_BR\" \/>\n<input type=\"hidden\" name=\"_wpcf7_unit_tag\" value=\"wpcf7-f5719-o1\" \/>\n<input type=\"hidden\" name=\"_wpcf7_container_post\" value=\"0\" \/>\n<input type=\"hidden\" name=\"_wpcf7_posted_data_hash\" value=\"\" \/>\n<\/div>\n<p><span class=\"wpcf7-form-control-wrap nome\"><input type=\"text\" name=\"nome\" value=\"\" size=\"40\" class=\"wpcf7-form-control wpcf7-text wpcf7-validates-as-required nome-field\" aria-required=\"true\" aria-invalid=\"false\" placeholder=\"Nome\" \/><\/span><\/p>\n<p><span class=\"wpcf7-form-control-wrap idade\"><input type=\"date\" name=\"idade\" value=\"\" class=\"wpcf7-form-control wpcf7-date wpcf7-validates-as-date\" aria-invalid=\"false\" \/><\/span><\/p>\n<p><span class=\"wpcf7-form-control-wrap endereco\"><input type=\"text\" name=\"endereco\" value=\"\" size=\"40\" class=\"wpcf7-form-control wpcf7-text wpcf7-validates-as-required endereco-field\" aria-required=\"true\" aria-invalid=\"false\" placeholder=\"Endere\u00e7o\" \/><\/span><\/p>\n<p><span class=\"wpcf7-form-control-wrap numero\"><input type=\"text\" name=\"numero\" value=\"\" size=\"40\" class=\"wpcf7-form-control wpcf7-text numero-field\" aria-invalid=\"false\" placeholder=\"N\u00ba\/Complemento\" \/><\/span><\/p>\n<p><span class=\"wpcf7-form-control-wrap bairro\"><input type=\"text\" name=\"bairro\" value=\"\" size=\"40\" class=\"wpcf7-form-control wpcf7-text wpcf7-validates-as-required cidade-field\" aria-required=\"true\" aria-invalid=\"false\" placeholder=\"Bairro\" \/><\/span> <span class=\"wpcf7-form-control-wrap cidade\"><input type=\"text\" name=\"cidade\" value=\"\" size=\"40\" class=\"wpcf7-form-control wpcf7-text wpcf7-validates-as-required cidade-field\" aria-required=\"true\" aria-invalid=\"false\" placeholder=\"Cidade\" \/><\/span><\/p>\n<p><span class=\"wpcf7-form-control-wrap tel-1\"><input type=\"tel\" name=\"tel-1\" value=\"\" size=\"40\" class=\"wpcf7-form-control wpcf7-text wpcf7-tel wpcf7-validates-as-tel tel-1-field\" aria-invalid=\"false\" placeholder=\"Tel. Celular\" \/><\/span> - <span class=\"wpcf7-form-control-wrap tel-2\"><input type=\"tel\" name=\"tel-2\" value=\"\" size=\"40\" class=\"wpcf7-form-control wpcf7-text wpcf7-tel wpcf7-validates-as-tel tel-2-field\" aria-invalid=\"false\" placeholder=\"Tel. Residencial\" \/><\/span><\/p>\n<p><span class=\"wpcf7-form-control-wrap Sexo\"><span class=\"wpcf7-form-control wpcf7-radio\"><span class=\"wpcf7-list-item first\"><input type=\"radio\" name=\"Sexo\" value=\"Masculino\" checked=\"checked\" \/><span class=\"wpcf7-list-item-label\">Masculino<\/span><\/span><span class=\"wpcf7-list-item last\"><input type=\"radio\" name=\"Sexo\" value=\"Feminino\" \/><span class=\"wpcf7-list-item-label\">Feminino<\/span><\/span><\/span><\/span><\/p>\n<p><span class=\"wpcf7-form-control-wrap e-mail\"><input type=\"email\" name=\"e-mail\" value=\"\" size=\"40\" class=\"wpcf7-form-control wpcf7-text wpcf7-email wpcf7-validates-as-required wpcf7-validates-as-email email-field\" aria-required=\"true\" aria-invalid=\"false\" placeholder=\"Seu e-mail\" \/><\/span><\/p>\n<p><span class=\"wpcf7-form-control-wrap descricao\"><textarea name=\"descricao\" cols=\"40\" rows=\"10\" class=\"wpcf7-form-control wpcf7-textarea descricao-field\" aria-invalid=\"false\" placeholder=\"Fa\u00e7a aqui uma breve descri\u00e7\u00e3o de sua experiencia profissional\"><\/textarea><\/span><\/p>\n<p><input type=\"submit\" value=\"enviar\" class=\"wpcf7-form-control wpcf7-submit et_pb_contact_submit et_pb_button\" \/><\/p>\n<div class=\"wpcf7-response-output\" aria-hidden=\"true\"><\/div><\/form><\/div>\n<p>[\/et_pb_text][\/et_pb_column][\/et_pb_row][\/et_pb_section]<\/p>\n","protected":false},"excerpt":{"rendered":"<p>[et_pb_section admin_label=&#8221;Sezione&#8221; fullwidth=&#8221;off&#8221; specialty=&#8221;off&#8221; transparent_background=&#8221;off&#8221; allow_player_pause=&#8221;off&#8221; inner_shadow=&#8221;off&#8221; parallax=&#8221;off&#8221; parallax_method=&#8221;off&#8221; padding_mobile=&#8221;off&#8221; make_fullwidth=&#8221;off&#8221; use_custom_width=&#8221;off&#8221; width_unit=&#8221;on&#8221; make_equal=&#8221;off&#8221; use_custom_gutter=&#8221;off&#8221; background_color=&#8221;#ffffff&#8221;][et_pb_row admin_label=&#8221;Riga&#8221; make_fullwidth=&#8221;on&#8221; use_custom_width=&#8221;off&#8221; width_unit=&#8221;on&#8221; use_custom_gutter=&#8221;off&#8221; padding_mobile=&#8221;off&#8221; allow_player_pause=&#8221;off&#8221; parallax=&#8221;off&#8221; parallax_method=&#8221;off&#8221; make_equal=&#8221;off&#8221; parallax_1=&#8221;off&#8221; parallax_method_1=&#8221;off&#8221; background_color_1=&#8221;#ffffff&#8221; parallax_2=&#8221;off&#8221; parallax_method_2=&#8221;off&#8221; column_padding_mobile=&#8221;on&#8221;][et_pb_column type=&#8221;1_2&#8243;][et_pb_text admin_label=&#8221;Venha trabalhar conosco!&#8221; background_layout=&#8221;light&#8221; text_orientation=&#8221;center&#8221; use_border_color=&#8221;off&#8221; border_color=&#8221;#ffffff&#8221; border_style=&#8221;solid&#8221; header_font=&#8221;Playfair Display||||&#8221; text_font_size=&#8221;30&#8243; text_font=&#8221;Playfair Display||on||&#8221; text_line_height=&#8221;1em&#8221; text_font_size_last_edited=&#8221;on|phone&#8221; text_font_size_tablet=&#8221;20&#8243; text_font_size_phone=&#8221;15&#8243;] Venha trabalhar conosco! [\/et_pb_text][et_pb_text admin_label=&#8221;resultados&#8221; [&hellip;]<\/p>\n","protected":false},"author":6,"featured_media":0,"parent":0,"menu_order":0,"comment_status":"closed","ping_status":"closed","template":"","meta":{"_et_pb_use_builder":"on","_et_pb_old_content":"","_et_gb_content_width":"","footnotes":""},"yoast_head":"<!-- This site is optimized with the Yoast SEO plugin v15.4 - https:\/\/yoast.com\/wordpress\/plugins\/seo\/ -->\n<title>Trabalhe Conosco - Drogarias Unilagos<\/title>\n<meta name=\"robots\" content=\"index, follow, max-snippet:-1, max-image-preview:large, max-video-preview:-1\" \/>\n<link rel=\"canonical\" href=\"https:\/\/drogariasunilagos.com.br\/back\/trabalhe-conosco\/\" \/>\n<meta property=\"og:locale\" content=\"pt_BR\" \/>\n<meta property=\"og:type\" content=\"article\" \/>\n<meta property=\"og:title\" content=\"Trabalhe Conosco - Drogarias Unilagos\" \/>\n<meta property=\"og:description\" content=\"[et_pb_section admin_label=&#8221;Sezione&#8221; fullwidth=&#8221;off&#8221; specialty=&#8221;off&#8221; transparent_background=&#8221;off&#8221; allow_player_pause=&#8221;off&#8221; inner_shadow=&#8221;off&#8221; parallax=&#8221;off&#8221; parallax_method=&#8221;off&#8221; padding_mobile=&#8221;off&#8221; make_fullwidth=&#8221;off&#8221; use_custom_width=&#8221;off&#8221; width_unit=&#8221;on&#8221; make_equal=&#8221;off&#8221; use_custom_gutter=&#8221;off&#8221; background_color=&#8221;#ffffff&#8221;][et_pb_row admin_label=&#8221;Riga&#8221; make_fullwidth=&#8221;on&#8221; use_custom_width=&#8221;off&#8221; width_unit=&#8221;on&#8221; use_custom_gutter=&#8221;off&#8221; padding_mobile=&#8221;off&#8221; allow_player_pause=&#8221;off&#8221; parallax=&#8221;off&#8221; parallax_method=&#8221;off&#8221; make_equal=&#8221;off&#8221; parallax_1=&#8221;off&#8221; parallax_method_1=&#8221;off&#8221; background_color_1=&#8221;#ffffff&#8221; parallax_2=&#8221;off&#8221; parallax_method_2=&#8221;off&#8221; column_padding_mobile=&#8221;on&#8221;][et_pb_column type=&#8221;1_2&#8243;][et_pb_text admin_label=&#8221;Venha trabalhar conosco!&#8221; background_layout=&#8221;light&#8221; text_orientation=&#8221;center&#8221; use_border_color=&#8221;off&#8221; border_color=&#8221;#ffffff&#8221; border_style=&#8221;solid&#8221; header_font=&#8221;Playfair Display||||&#8221; text_font_size=&#8221;30&#8243; text_font=&#8221;Playfair Display||on||&#8221; text_line_height=&#8221;1em&#8221; text_font_size_last_edited=&#8221;on|phone&#8221; text_font_size_tablet=&#8221;20&#8243; text_font_size_phone=&#8221;15&#8243;] Venha trabalhar conosco! [\/et_pb_text][et_pb_text admin_label=&#8221;resultados&#8221; [&hellip;]\" \/>\n<meta property=\"og:url\" content=\"https:\/\/drogariasunilagos.com.br\/back\/trabalhe-conosco\/\" \/>\n<meta property=\"og:site_name\" content=\"Drogarias Unilagos\" \/>\n<meta property=\"article:modified_time\" content=\"2016-09-10T14:21:51+00:00\" \/>\n<meta name=\"twitter:card\" content=\"summary\" \/>\n<meta name=\"twitter:label1\" content=\"Written by\">\n\t<meta name=\"twitter:data1\" content=\"Drogarias Unilagos\">\n\t<meta name=\"twitter:label2\" content=\"Est. reading time\">\n\t<meta name=\"twitter:data2\" content=\"2 minutos\">\n<script type=\"application\/ld+json\" class=\"yoast-schema-graph\">{\"@context\":\"https:\/\/schema.org\",\"@graph\":[{\"@type\":\"WebSite\",\"@id\":\"https:\/\/drogariasunilagos.com.br\/back\/#website\",\"url\":\"https:\/\/drogariasunilagos.com.br\/back\/\",\"name\":\"Drogarias Unilagos\",\"description\":\"\",\"potentialAction\":[{\"@type\":\"SearchAction\",\"target\":\"https:\/\/drogariasunilagos.com.br\/back\/?s={search_term_string}\",\"query-input\":\"required name=search_term_string\"}],\"inLanguage\":\"pt-BR\"},{\"@type\":\"WebPage\",\"@id\":\"https:\/\/drogariasunilagos.com.br\/back\/trabalhe-conosco\/#webpage\",\"url\":\"https:\/\/drogariasunilagos.com.br\/back\/trabalhe-conosco\/\",\"name\":\"Trabalhe Conosco - Drogarias Unilagos\",\"isPartOf\":{\"@id\":\"https:\/\/drogariasunilagos.com.br\/back\/#website\"},\"datePublished\":\"2016-08-28T12:55:59+00:00\",\"dateModified\":\"2016-09-10T14:21:51+00:00\",\"inLanguage\":\"pt-BR\",\"potentialAction\":[{\"@type\":\"ReadAction\",\"target\":[\"https:\/\/drogariasunilagos.com.br\/back\/trabalhe-conosco\/\"]}]}]}<\/script>\n<!-- \/ Yoast SEO plugin. -->","_links":{"self":[{"href":"https:\/\/drogariasunilagos.com.br\/back\/wp-json\/wp\/v2\/pages\/25764"}],"collection":[{"href":"https:\/\/drogariasunilagos.com.br\/back\/wp-json\/wp\/v2\/pages"}],"about":[{"href":"https:\/\/drogariasunilagos.com.br\/back\/wp-json\/wp\/v2\/types\/page"}],"author":[{"embeddable":true,"href":"https:\/\/drogariasunilagos.com.br\/back\/wp-json\/wp\/v2\/users\/6"}],"replies":[{"embeddable":true,"href":"https:\/\/drogariasunilagos.com.br\/back\/wp-json\/wp\/v2\/comments?post=25764"}],"version-history":[{"count":13,"href":"https:\/\/drogariasunilagos.com.br\/back\/wp-json\/wp\/v2\/pages\/25764\/revisions"}],"predecessor-version":[{"id":25782,"href":"https:\/\/drogariasunilagos.com.br\/back\/wp-json\/wp\/v2\/pages\/25764\/revisions\/25782"}],"wp:attachment":[{"href":"https:\/\/drogariasunilagos.com.br\/back\/wp-json\/wp\/v2\/media?parent=25764"}],"curies":[{"name":"wp","href":"https:\/\/api.w.org\/{rel}","templated":true}]}}